{"id":333,"date":"2018-10-02T15:06:27","date_gmt":"2018-10-02T15:06:27","guid":{"rendered":"http:\/\/www.feiradospneus.pt\/?post_type=product&#038;p=333"},"modified":"2024-01-17T16:55:42","modified_gmt":"2024-01-17T16:55:42","slug":"pneus-sun-f-20x11-9-a-027","status":"publish","type":"product","link":"http:\/\/www.feiradospneus.pt\/?product=pneus-sun-f-20x11-9-a-027","title":{"rendered":"PNEU SUN-F \/ COG A027 20&#215;11-9"},"content":{"rendered":"<div id=\"content\" class=\"\">\n<div class=\"product-blocks blocks-default\">\n<div class=\"product-blocks-default product-blocks-35 grid-rows\">\n<div class=\"grid-row grid-row-35-1\">\n<div class=\"grid-cols\">\n<div class=\"grid-col grid-col-35-1-1\">\n<div class=\"grid-items\">\n<div class=\"grid-item grid-item-35-1-1-1\">\n<div class=\"module module-blocks module-blocks-48 blocks-tabs\">\n<div class=\"module-body\">\n<div class=\"tabs-container\">\n<div class=\"tab-content\">\n<div id=\"blocks-6274f0410ebd4-tab-1\" class=\"module-item module-item-1 tab-pane active\">\n<div class=\"block-body expand-block\">\n<div class=\"block-wrapper\">\n<div class=\"block-content block-description\">\n<h2>Pneu Sun-F A027 20&#215;11-9 6t &#8211; Replica Maxxis<\/h2>\n<p>Composto por 6 Telas.<\/p>\n<p>O padr\u00e3o da banda de rodagem X-knob proporciona um manuseamento superior e uma excelente tra\u00e7\u00e3o.<\/p>\n<p>O desenho do bot\u00e3o s\u00f3lido melhora a tra\u00e7\u00e3o e reduz a contor\u00e7\u00e3o do piso.<\/p>\n<p>\u00d3tima resist\u00eancia \u00e0 perfura\u00e7\u00e3o e suficientemente dur\u00e1vel para qualquer desafio com o seu moto 4.<\/p>\n<p>Pronto para todos os tipos de terrenos de cross country e deserto.<\/p>\n<\/div>\n<\/div>\n<\/div>\n<\/div>\n<\/div>\n<\/div>\n<\/div>\n<\/div>\n<\/div>\n<\/div>\n<\/div>\n<\/div>\n<\/div>\n<\/div>\n<\/div>\n<\/div>\n<aside id=\"column-right\" class=\"side-column\">\n<div class=\"grid-rows\">\n<div class=\"grid-row grid-row-column-right-2\">\n<div class=\"grid-cols\">\n<div class=\"grid-col grid-col-column-right-2-1\">\n<div class=\"grid-items\">\n<div class=\"grid-item grid-item-column-right-2-1-1\">\n<div class=\"module module-blocks module-blocks-302 blocks-grid\">\n<div class=\"module-body\">\n<div class=\"module-item module-item-1 no-expand\">\n<div class=\"block-body expand-block\">\n<div class=\"block-wrapper\"><\/div>\n<\/div>\n<\/div>\n<\/div>\n<\/div>\n<\/div>\n<\/div>\n<\/div>\n<\/div>\n<\/div>\n<\/div>\n<\/aside>\n","protected":false},"excerpt":{"rendered":"<p>Pneu Sun-F A027 20&#215;11-9 6t &#8211; Replica Maxxis Composto por 6 Telas. O padr\u00e3o da banda de rodagem X-knob proporciona&hellip;<\/p>\n","protected":false},"featured_media":25151,"template":"","meta":{"_links_to":"","_links_to_target":""},"_links":{"self":[{"href":"http:\/\/www.feiradospneus.pt\/index.php?rest_route=\/wp\/v2\/product\/333"}],"collection":[{"href":"http:\/\/www.feiradospneus.pt\/index.php?rest_route=\/wp\/v2\/product"}],"about":[{"href":"http:\/\/www.feiradospneus.pt\/index.php?rest_route=\/wp\/v2\/types\/product"}],"wp:featuredmedia":[{"embeddable":true,"href":"http:\/\/www.feiradospneus.pt\/index.php?rest_route=\/wp\/v2\/media\/25151"}],"wp:attachment":[{"href":"http:\/\/www.feiradospneus.pt\/index.php?rest_route=%2Fwp%2Fv2%2Fmedia&parent=333"}],"curies":[{"name":"wp","href":"https:\/\/api.w.org\/{rel}","templated":true}]}}