{"id":25223,"date":"2024-01-19T15:41:56","date_gmt":"2024-01-19T15:41:56","guid":{"rendered":"http:\/\/www.feiradospneus.pt\/?post_type=product&#038;p=25223"},"modified":"2025-01-06T10:27:33","modified_gmt":"2025-01-06T10:27:33","slug":"pneu-maxxis-m7324-140-80-18","status":"publish","type":"product","link":"http:\/\/www.feiradospneus.pt\/?product=pneu-maxxis-m7324-140-80-18","title":{"rendered":"PNEU MAXXIS M-7324 140\/80-18"},"content":{"rendered":"<p><strong>PNEU MAXXIS M7324 140\/80-18<\/strong><\/p>\n<p>O MaxxEnduro \u00e9 um pneu de enduro espec\u00edfico para corrida, projetado para pedalar o dia todo com conforto, estilo e desempenho extremo.<\/p>\n<p><strong>Caracter\u00edsticas:<\/strong><\/p>\n<ul>\n<li>F\u00e1cil de encaixar<\/li>\n<li>Vencedor do EnduroGP 2019 em seu primeiro ano<\/li>\n<li>Resistente a perfura\u00e7\u00f5es<\/li>\n<li>Resiliente em uma enorme variedade de terrenos e perfeito para pistas verdes<\/li>\n<li>Ader\u00eancia de superf\u00edcie pura, bem como v\u00e1rios desempenhos de terreno<\/li>\n<\/ul>\n<p><strong>Especifica\u00e7\u00f5es:<\/strong><\/p>\n<ul>\n<li>Tamanho do pneu: 140\/80-18<\/li>\n<li>Largura: 140<\/li>\n<li>Propor\u00e7\u00e3o: 80<\/li>\n<li>Aro: 18<\/li>\n<li>Classifica\u00e7\u00e3o de velocidade: R<\/li>\n<li>\u00cdndice de Carga: 70<\/li>\n<\/ul>\n","protected":false},"excerpt":{"rendered":"<p>PNEU MAXXIS M7324 140\/80-18 O MaxxEnduro \u00e9 um pneu de enduro espec\u00edfico para corrida, projetado para pedalar o dia todo&hellip;<\/p>\n","protected":false},"featured_media":25224,"template":"","meta":{"_links_to":"","_links_to_target":""},"_links":{"self":[{"href":"http:\/\/www.feiradospneus.pt\/index.php?rest_route=\/wp\/v2\/product\/25223"}],"collection":[{"href":"http:\/\/www.feiradospneus.pt\/index.php?rest_route=\/wp\/v2\/product"}],"about":[{"href":"http:\/\/www.feiradospneus.pt\/index.php?rest_route=\/wp\/v2\/types\/product"}],"wp:featuredmedia":[{"embeddable":true,"href":"http:\/\/www.feiradospneus.pt\/index.php?rest_route=\/wp\/v2\/media\/25224"}],"wp:attachment":[{"href":"http:\/\/www.feiradospneus.pt\/index.php?rest_route=%2Fwp%2Fv2%2Fmedia&parent=25223"}],"curies":[{"name":"wp","href":"https:\/\/api.w.org\/{rel}","templated":true}]}}