{"id":24510,"date":"2022-07-20T15:46:24","date_gmt":"2022-07-20T15:46:24","guid":{"rendered":"http:\/\/www.feiradospneus.pt\/?post_type=product&#038;p=24510"},"modified":"2024-01-18T17:16:55","modified_gmt":"2024-01-18T17:16:55","slug":"capacete-suomy-x-wing-mx-helmet-duel-light-blue-red","status":"publish","type":"product","link":"http:\/\/www.feiradospneus.pt\/?product=capacete-suomy-x-wing-mx-helmet-duel-light-blue-red","title":{"rendered":"Capacete Suomy X-Wing MX Helmet Duel Light Blue-Red"},"content":{"rendered":"<p><strong>Capacete Suomy X-Wing MX Helmet Duel Light Blue-Red<\/strong><\/p>\n<p>&nbsp;<\/p>\n<p>Um capacete de nova gera\u00e7\u00e3o que, gra\u00e7as \u00e0 sua din\u00e2mica e forma perform\u00e1tica, \u00e9 o primeiro companheiro perfeito para os pilotos de amanh\u00e3.<\/p>\n<p><strong>Caracter\u00edsticas:<\/strong> A camada externa em resina refor\u00e7ada termopl\u00e1stica moldada por inje\u00e7\u00e3o A ampla abertura do campo visual permite um passeio mais seguro e perform\u00e1tico A janela permite abrigar todos os \u00f3culos da \u00faltima gera\u00e7\u00e3o Sa\u00eddas superiores e queixo eficazes e porta de escape EPS canalizado &#8211; Canaliza\u00e7\u00e3o da concha interna para garantir a m\u00e1xima dissipa\u00e7\u00e3o de calor T\u00eaxtil respir\u00e1vel e hipoalerg\u00eanico Almofadas e forro remov\u00edveis e lav\u00e1veis Pico remov\u00edvel projetado para ter uma penetra\u00e7\u00e3o aerodin\u00e2mica ideal Pico ajust\u00e1vel com uma ampla gama de movimento<\/p>\n<p><strong>Especifica\u00e7\u00f5es:<\/strong><\/p>\n<ul>\n<li>Fechamento: Anel Duplo D ECE 22.05<\/li>\n<li>2 tamanhos de conchas: XS-M e L-XXL<\/li>\n<li>Peso: 1250 \u00b1 50 gr<\/li>\n<li>Conte\u00fado: 1x Capacete de Motocross de Salto Suomy 1x Kit de parafusos<\/li>\n<\/ul>\n","protected":false},"excerpt":{"rendered":"<p>Capacete Suomy X-Wing MX Helmet Duel Light Blue-Red &nbsp; Um capacete de nova gera\u00e7\u00e3o que, gra\u00e7as \u00e0 sua din\u00e2mica e&hellip;<\/p>\n","protected":false},"featured_media":25198,"template":"","meta":{"_links_to":"","_links_to_target":""},"_links":{"self":[{"href":"http:\/\/www.feiradospneus.pt\/index.php?rest_route=\/wp\/v2\/product\/24510"}],"collection":[{"href":"http:\/\/www.feiradospneus.pt\/index.php?rest_route=\/wp\/v2\/product"}],"about":[{"href":"http:\/\/www.feiradospneus.pt\/index.php?rest_route=\/wp\/v2\/types\/product"}],"wp:featuredmedia":[{"embeddable":true,"href":"http:\/\/www.feiradospneus.pt\/index.php?rest_route=\/wp\/v2\/media\/25198"}],"wp:attachment":[{"href":"http:\/\/www.feiradospneus.pt\/index.php?rest_route=%2Fwp%2Fv2%2Fmedia&parent=24510"}],"curies":[{"name":"wp","href":"https:\/\/api.w.org\/{rel}","templated":true}]}}