{"id":24508,"date":"2022-07-20T15:35:37","date_gmt":"2022-07-20T15:35:37","guid":{"rendered":"http:\/\/www.feiradospneus.pt\/?post_type=product&#038;p=24508"},"modified":"2024-01-18T17:05:53","modified_gmt":"2024-01-18T17:05:53","slug":"capacete-suomy-x-wing-mx-helmet-camouflager-matt-red","status":"publish","type":"product","link":"http:\/\/www.feiradospneus.pt\/?product=capacete-suomy-x-wing-mx-helmet-camouflager-matt-red","title":{"rendered":"Capacete Suomy X-Wing MX Helmet Camouflager Matt Red"},"content":{"rendered":"<p><strong>Capacete Suomy X-Wing MX Helmet Camouflager Matt Red<\/strong><\/p>\n<p>X-WING \u00e9 o rec\u00e9m-nascido em 2020 cole\u00e7\u00e3o Suomy, \u00c9 o descendente direto de MX SPEED, o capacete usado por nossos pilotos Suomy nas melhores categorias. X-Wing \u00e9 um capacete de nova gera\u00e7\u00e3o, equipado com tecnologia ADT-Advanced que garante alta resist\u00eancia aos impactos. Gra\u00e7as \u00e0 sua din\u00e2mica, \u00e9 o primeiro companheiro de aventuras perfeito para os pilotos de MX de amanh\u00e3.<\/p>\n<p><strong>Caracter\u00edsticas:<\/strong> Shell termopl\u00e1stico 2 tamanhos de conchas amplo campo de vis\u00e3o sistema de ventila\u00e7\u00e3o para obter a m\u00e1xima efici\u00eancia na dissipa\u00e7\u00e3o de calor dentro do capacete interiores remov\u00edveis e lav\u00e1veis viseira de pico ajust\u00e1vel<\/p>\n<p><strong>Especifica\u00e7\u00f5es:<\/strong><\/p>\n<ul>\n<li>Almofadas remov\u00edveis do mordente da emerg\u00eancia ECE 22,05 ECE 22,05<\/li>\n<li>Peso: aproximadamente 1250g \u00b1 50g anel D duplo<\/li>\n<li>Conte\u00fado: 1x Capacete de Suomy com viseira m\u00e1xima<\/li>\n<li>1x Kit parafuso para viseira<\/li>\n<\/ul>\n<p>&nbsp;<\/p>\n","protected":false},"excerpt":{"rendered":"<p>Capacete Suomy X-Wing MX Helmet Camouflager Matt Red X-WING \u00e9 o rec\u00e9m-nascido em 2020 cole\u00e7\u00e3o Suomy, \u00c9 o descendente direto&hellip;<\/p>\n","protected":false},"featured_media":25186,"template":"","meta":{"_links_to":"","_links_to_target":""},"_links":{"self":[{"href":"http:\/\/www.feiradospneus.pt\/index.php?rest_route=\/wp\/v2\/product\/24508"}],"collection":[{"href":"http:\/\/www.feiradospneus.pt\/index.php?rest_route=\/wp\/v2\/product"}],"about":[{"href":"http:\/\/www.feiradospneus.pt\/index.php?rest_route=\/wp\/v2\/types\/product"}],"wp:featuredmedia":[{"embeddable":true,"href":"http:\/\/www.feiradospneus.pt\/index.php?rest_route=\/wp\/v2\/media\/25186"}],"wp:attachment":[{"href":"http:\/\/www.feiradospneus.pt\/index.php?rest_route=%2Fwp%2Fv2%2Fmedia&parent=24508"}],"curies":[{"name":"wp","href":"https:\/\/api.w.org\/{rel}","templated":true}]}}