{"id":24246,"date":"2022-02-23T17:06:25","date_gmt":"2022-02-23T17:06:25","guid":{"rendered":"http:\/\/www.feiradospneus.pt\/?post_type=product&#038;p=24246"},"modified":"2024-01-11T16:33:04","modified_gmt":"2024-01-11T16:33:04","slug":"pneu-fedima-fronteira-235-75-r15","status":"publish","type":"product","link":"http:\/\/www.feiradospneus.pt\/?product=pneu-fedima-fronteira-235-75-r15","title":{"rendered":"PNEU FEDIMA FRONTEIRA 235\/75R15"},"content":{"rendered":"<ul>\n<li>50% Road \/ 50% Off Road<\/li>\n<li>Para os f\u00e3s polivalentes nas op\u00e7\u00f5es 4&#215;4. Ideal dentro da gama 50\/50.<\/li>\n<\/ul>\n","protected":false},"excerpt":{"rendered":"<p>50% Road \/ 50% Off Road Para os f\u00e3s polivalentes nas op\u00e7\u00f5es 4&#215;4. Ideal dentro da gama 50\/50.<\/p>\n","protected":false},"featured_media":25095,"template":"","meta":{"_links_to":"","_links_to_target":""},"_links":{"self":[{"href":"http:\/\/www.feiradospneus.pt\/index.php?rest_route=\/wp\/v2\/product\/24246"}],"collection":[{"href":"http:\/\/www.feiradospneus.pt\/index.php?rest_route=\/wp\/v2\/product"}],"about":[{"href":"http:\/\/www.feiradospneus.pt\/index.php?rest_route=\/wp\/v2\/types\/product"}],"wp:featuredmedia":[{"embeddable":true,"href":"http:\/\/www.feiradospneus.pt\/index.php?rest_route=\/wp\/v2\/media\/25095"}],"wp:attachment":[{"href":"http:\/\/www.feiradospneus.pt\/index.php?rest_route=%2Fwp%2Fv2%2Fmedia&parent=24246"}],"curies":[{"name":"wp","href":"https:\/\/api.w.org\/{rel}","templated":true}]}}