{"id":22791,"date":"2020-12-07T10:59:43","date_gmt":"2020-12-07T10:59:43","guid":{"rendered":"http:\/\/www.feiradospneus.pt\/?post_type=product&#038;p=22791"},"modified":"2025-09-22T14:18:38","modified_gmt":"2025-09-22T14:18:38","slug":"pneu-fedima-fj910-35x12-5-r15","status":"publish","type":"product","link":"http:\/\/www.feiradospneus.pt\/?product=pneu-fedima-fj910-35x12-5-r15","title":{"rendered":"PNEU FEDIMA VJ910 35X12.5R15"},"content":{"rendered":"<ul>\n<li>Os sulcos irregulares e transversais no centro permitem a expuls\u00e3o r\u00e1pida de \u00e1gua e lama.<\/li>\n<li>Trac\u00e7\u00e3o e estabilidade garantidas.<\/li>\n<\/ul>\n","protected":false},"excerpt":{"rendered":"<p>Os sulcos irregulares e transversais no centro permitem a expuls\u00e3o r\u00e1pida de \u00e1gua e lama. Trac\u00e7\u00e3o e estabilidade garantidas.<\/p>\n","protected":false},"featured_media":25099,"template":"","meta":{"_links_to":"","_links_to_target":""},"_links":{"self":[{"href":"http:\/\/www.feiradospneus.pt\/index.php?rest_route=\/wp\/v2\/product\/22791"}],"collection":[{"href":"http:\/\/www.feiradospneus.pt\/index.php?rest_route=\/wp\/v2\/product"}],"about":[{"href":"http:\/\/www.feiradospneus.pt\/index.php?rest_route=\/wp\/v2\/types\/product"}],"wp:featuredmedia":[{"embeddable":true,"href":"http:\/\/www.feiradospneus.pt\/index.php?rest_route=\/wp\/v2\/media\/25099"}],"wp:attachment":[{"href":"http:\/\/www.feiradospneus.pt\/index.php?rest_route=%2Fwp%2Fv2%2Fmedia&parent=22791"}],"curies":[{"name":"wp","href":"https:\/\/api.w.org\/{rel}","templated":true}]}}