{"id":22778,"date":"2020-12-07T09:38:02","date_gmt":"2020-12-07T09:38:02","guid":{"rendered":"http:\/\/www.feiradospneus.pt\/?post_type=product&#038;p=22778"},"modified":"2025-04-09T21:38:23","modified_gmt":"2025-04-09T21:38:23","slug":"pneu-fedima-fronteira-195-80r15","status":"publish","type":"product","link":"http:\/\/www.feiradospneus.pt\/?product=pneu-fedima-fronteira-195-80r15","title":{"rendered":"PNEU FEDIMA FRONTEIRA 195\/80R15"},"content":{"rendered":"<ul>\n<li>50% Road \/ 50% Off Road Para os f\u00e3s polivalentes nas op\u00e7\u00f5es 4&#215;4.<\/li>\n<li>Ideal dentro da gama 50\/50.<\/li>\n<\/ul>\n","protected":false},"excerpt":{"rendered":"<p>50% Road \/ 50% Off Road Para os f\u00e3s polivalentes nas op\u00e7\u00f5es 4&#215;4. Ideal dentro da gama 50\/50.<\/p>\n","protected":false},"featured_media":25095,"template":"","meta":{"_links_to":"","_links_to_target":""},"_links":{"self":[{"href":"http:\/\/www.feiradospneus.pt\/index.php?rest_route=\/wp\/v2\/product\/22778"}],"collection":[{"href":"http:\/\/www.feiradospneus.pt\/index.php?rest_route=\/wp\/v2\/product"}],"about":[{"href":"http:\/\/www.feiradospneus.pt\/index.php?rest_route=\/wp\/v2\/types\/product"}],"wp:featuredmedia":[{"embeddable":true,"href":"http:\/\/www.feiradospneus.pt\/index.php?rest_route=\/wp\/v2\/media\/25095"}],"wp:attachment":[{"href":"http:\/\/www.feiradospneus.pt\/index.php?rest_route=%2Fwp%2Fv2%2Fmedia&parent=22778"}],"curies":[{"name":"wp","href":"https:\/\/api.w.org\/{rel}","templated":true}]}}