{"id":22766,"date":"2020-12-04T17:48:23","date_gmt":"2020-12-04T17:48:23","guid":{"rendered":"http:\/\/www.feiradospneus.pt\/?post_type=product&#038;p=22766"},"modified":"2025-01-06T10:28:14","modified_gmt":"2025-01-06T10:28:14","slug":"pneu-maxxis-m7314-140-80-18-maxxcross-enduro","status":"publish","type":"product","link":"http:\/\/www.feiradospneus.pt\/?product=pneu-maxxis-m7314-140-80-18-maxxcross-enduro","title":{"rendered":"PNEU MAXXIS M-7314 140\/80-18 RAYA AZUL"},"content":{"rendered":"<p><span class=\"Y2IQFc\" lang=\"pt\"><strong>PNEU MAXXIS M7314 140\/80-18<br \/>\n<\/strong><\/span><\/p>\n<ul>\n<li><span class=\"Y2IQFc\" lang=\"pt\">Ideal para a maioria das condi\u00e7\u00f5es de enduro <\/span><\/li>\n<li><span class=\"Y2IQFc\" lang=\"pt\">Os\u00a0 tacos laterais proporcionam uma dire\u00e7\u00e3o precisa em condi\u00e7\u00f5es lamacentas <\/span><\/li>\n<li><span class=\"Y2IQFc\" lang=\"pt\">Projetado para curvas agressivas mesmo na lama mais profunda\u00a0<\/span><\/li>\n<\/ul>\n","protected":false},"excerpt":{"rendered":"<p>PNEU MAXXIS M7314 140\/80-18 Ideal para a maioria das condi\u00e7\u00f5es de enduro Os\u00a0 tacos laterais proporcionam uma dire\u00e7\u00e3o precisa em&hellip;<\/p>\n","protected":false},"featured_media":25210,"template":"","meta":{"_links_to":"","_links_to_target":""},"_links":{"self":[{"href":"http:\/\/www.feiradospneus.pt\/index.php?rest_route=\/wp\/v2\/product\/22766"}],"collection":[{"href":"http:\/\/www.feiradospneus.pt\/index.php?rest_route=\/wp\/v2\/product"}],"about":[{"href":"http:\/\/www.feiradospneus.pt\/index.php?rest_route=\/wp\/v2\/types\/product"}],"wp:featuredmedia":[{"embeddable":true,"href":"http:\/\/www.feiradospneus.pt\/index.php?rest_route=\/wp\/v2\/media\/25210"}],"wp:attachment":[{"href":"http:\/\/www.feiradospneus.pt\/index.php?rest_route=%2Fwp%2Fv2%2Fmedia&parent=22766"}],"curies":[{"name":"wp","href":"https:\/\/api.w.org\/{rel}","templated":true}]}}