{"id":22764,"date":"2020-12-04T17:44:46","date_gmt":"2020-12-04T17:44:46","guid":{"rendered":"http:\/\/www.feiradospneus.pt\/?post_type=product&#038;p=22764"},"modified":"2025-01-06T11:30:26","modified_gmt":"2025-01-06T11:30:26","slug":"pneu-maxxis-m7305-120-100-18-maxxcross-it","status":"publish","type":"product","link":"http:\/\/www.feiradospneus.pt\/?product=pneu-maxxis-m7305-120-100-18-maxxcross-it","title":{"rendered":"PNEU MAXXIS M7305 120\/100-18"},"content":{"rendered":"<p><span class=\"Y2IQFc\" lang=\"pt\"><strong>PNEU MAXXIS M7305 120\/90-19<br \/>\n<\/strong><\/span><\/p>\n<ul>\n<li><span class=\"Y2IQFc\" lang=\"pt\">Design exclusivo da banda de rodagem com bot\u00f5es e ranhuras <\/span><\/li>\n<li><span class=\"Y2IQFc\" lang=\"pt\">Oferece manuseio excepcional e preciso em condi\u00e7\u00f5es intermedi\u00e1rias<\/span><\/li>\n<li><span class=\"Y2IQFc\" lang=\"pt\">Equil\u00edbrio em linha reta e curvas sem compromissos<\/span><\/li>\n<\/ul>\n","protected":false},"excerpt":{"rendered":"<p>PNEU MAXXIS M7305 120\/90-19 Design exclusivo da banda de rodagem com bot\u00f5es e ranhuras Oferece manuseio excepcional e preciso em&hellip;<\/p>\n","protected":false},"featured_media":25214,"template":"","meta":{"_links_to":"","_links_to_target":""},"_links":{"self":[{"href":"http:\/\/www.feiradospneus.pt\/index.php?rest_route=\/wp\/v2\/product\/22764"}],"collection":[{"href":"http:\/\/www.feiradospneus.pt\/index.php?rest_route=\/wp\/v2\/product"}],"about":[{"href":"http:\/\/www.feiradospneus.pt\/index.php?rest_route=\/wp\/v2\/types\/product"}],"wp:featuredmedia":[{"embeddable":true,"href":"http:\/\/www.feiradospneus.pt\/index.php?rest_route=\/wp\/v2\/media\/25214"}],"wp:attachment":[{"href":"http:\/\/www.feiradospneus.pt\/index.php?rest_route=%2Fwp%2Fv2%2Fmedia&parent=22764"}],"curies":[{"name":"wp","href":"https:\/\/api.w.org\/{rel}","templated":true}]}}