{"id":22752,"date":"2020-12-04T17:12:18","date_gmt":"2020-12-04T17:12:18","guid":{"rendered":"http:\/\/www.feiradospneus.pt\/?post_type=product&#038;p=22752"},"modified":"2025-12-09T13:45:55","modified_gmt":"2025-12-09T13:45:55","slug":"pneu-maxxis-90-100-21-m7313-maxxcross-enduro-54r","status":"publish","type":"product","link":"http:\/\/www.feiradospneus.pt\/?product=pneu-maxxis-90-100-21-m7313-maxxcross-enduro-54r","title":{"rendered":"PNEU MAXXIS M-7332 90\/100-21"},"content":{"rendered":"<p><strong>PNEU MAXXIS M7332 90\/90-21<\/strong><\/p>\n<p>Os pneus Maxxis M-7332 Maxxcross MX-ST s\u00e3o fabricados com uma borracha \u00fanica, o que lhes permite oferecer excelente desempenho de travagem e excelente ader\u00eancia em superf\u00edcies macias e m\u00e9dias.<\/p>\n","protected":false},"excerpt":{"rendered":"<p>PNEU MAXXIS M7332 90\/90-21 Os pneus Maxxis M-7332 Maxxcross MX-ST s\u00e3o fabricados com uma borracha \u00fanica, o que lhes permite&hellip;<\/p>\n","protected":false},"featured_media":25219,"template":"","meta":{"_links_to":"","_links_to_target":""},"_links":{"self":[{"href":"http:\/\/www.feiradospneus.pt\/index.php?rest_route=\/wp\/v2\/product\/22752"}],"collection":[{"href":"http:\/\/www.feiradospneus.pt\/index.php?rest_route=\/wp\/v2\/product"}],"about":[{"href":"http:\/\/www.feiradospneus.pt\/index.php?rest_route=\/wp\/v2\/types\/product"}],"wp:featuredmedia":[{"embeddable":true,"href":"http:\/\/www.feiradospneus.pt\/index.php?rest_route=\/wp\/v2\/media\/25219"}],"wp:attachment":[{"href":"http:\/\/www.feiradospneus.pt\/index.php?rest_route=%2Fwp%2Fv2%2Fmedia&parent=22752"}],"curies":[{"name":"wp","href":"https:\/\/api.w.org\/{rel}","templated":true}]}}