{"id":22742,"date":"2020-12-04T15:22:11","date_gmt":"2020-12-04T15:22:11","guid":{"rendered":"http:\/\/www.feiradospneus.pt\/?post_type=product&#038;p=22742"},"modified":"2024-01-17T17:07:53","modified_gmt":"2024-01-17T17:07:53","slug":"pneu-sun-f-22x11-10-4t-a-005","status":"publish","type":"product","link":"http:\/\/www.feiradospneus.pt\/?product=pneu-sun-f-22x11-10-4t-a-005","title":{"rendered":"PNEU SUN-F \/ COG A005 22&#215;11-10"},"content":{"rendered":"<h2>Pneu Sun-F A005 22&#215;11-10<\/h2>\n<p>Padr\u00e3o da banda de rodagem agressivo para uma maior capacidade de curva<\/p>\n<p>Grande resposta de dire\u00e7\u00e3o e condu\u00e7\u00e3o suave<\/p>\n<p>Composto de borracha de desgaste prolongado para uma vida \u00fatil ainda mais longa e melhor valor<\/p>\n<p>Resistente a furos<\/p>\n<p>Fabricado com 6 Telas<\/p>\n","protected":false},"excerpt":{"rendered":"<p>Pneu Sun-F A005 22&#215;11-10 Padr\u00e3o da banda de rodagem agressivo para uma maior capacidade de curva Grande resposta de dire\u00e7\u00e3o&hellip;<\/p>\n","protected":false},"featured_media":25153,"template":"","meta":{"_links_to":"","_links_to_target":""},"_links":{"self":[{"href":"http:\/\/www.feiradospneus.pt\/index.php?rest_route=\/wp\/v2\/product\/22742"}],"collection":[{"href":"http:\/\/www.feiradospneus.pt\/index.php?rest_route=\/wp\/v2\/product"}],"about":[{"href":"http:\/\/www.feiradospneus.pt\/index.php?rest_route=\/wp\/v2\/types\/product"}],"wp:featuredmedia":[{"embeddable":true,"href":"http:\/\/www.feiradospneus.pt\/index.php?rest_route=\/wp\/v2\/media\/25153"}],"wp:attachment":[{"href":"http:\/\/www.feiradospneus.pt\/index.php?rest_route=%2Fwp%2Fv2%2Fmedia&parent=22742"}],"curies":[{"name":"wp","href":"https:\/\/api.w.org\/{rel}","templated":true}]}}