{"id":22711,"date":"2020-12-04T10:13:15","date_gmt":"2020-12-04T10:13:15","guid":{"rendered":"http:\/\/www.feiradospneus.pt\/?post_type=product&#038;p=22711"},"modified":"2024-01-17T15:01:10","modified_gmt":"2024-01-17T15:01:10","slug":"pneu-maxxis-razr-m932-20x11-9","status":"publish","type":"product","link":"http:\/\/www.feiradospneus.pt\/?product=pneu-maxxis-razr-m932-20x11-9","title":{"rendered":"PNEU MAXXIS RAZR M932 20X11-9"},"content":{"rendered":"<div>Pneu testado em laborat\u00f3rio e competi\u00e7\u00e3o, capacidades comprovadas na s\u00e9rie cross country mais exigente do campeonato.<\/div>\n<div><\/div>\n<div>Piso fabricado com um composto de competi\u00e7\u00e3o, especialmente formulado, que proporciona uma tra\u00e7\u00e3o superior, enquanto que prolonga a vida \u00fatil do pneu.<\/div>\n<div><\/div>\n<div>Design melhorado, direcionada para uma melhor tra\u00e7\u00e3o.<\/div>\n","protected":false},"excerpt":{"rendered":"<p>Pneu testado em laborat\u00f3rio e competi\u00e7\u00e3o, capacidades comprovadas na s\u00e9rie cross country mais exigente do campeonato. Piso fabricado com um&hellip;<\/p>\n","protected":false},"featured_media":25142,"template":"","meta":{"_links_to":"","_links_to_target":""},"_links":{"self":[{"href":"http:\/\/www.feiradospneus.pt\/index.php?rest_route=\/wp\/v2\/product\/22711"}],"collection":[{"href":"http:\/\/www.feiradospneus.pt\/index.php?rest_route=\/wp\/v2\/product"}],"about":[{"href":"http:\/\/www.feiradospneus.pt\/index.php?rest_route=\/wp\/v2\/types\/product"}],"wp:featuredmedia":[{"embeddable":true,"href":"http:\/\/www.feiradospneus.pt\/index.php?rest_route=\/wp\/v2\/media\/25142"}],"wp:attachment":[{"href":"http:\/\/www.feiradospneus.pt\/index.php?rest_route=%2Fwp%2Fv2%2Fmedia&parent=22711"}],"curies":[{"name":"wp","href":"https:\/\/api.w.org\/{rel}","templated":true}]}}