{"id":195,"date":"2018-08-02T08:55:54","date_gmt":"2018-08-02T08:55:54","guid":{"rendered":"http:\/\/www.feiradospneus.pt\/?post_type=product&#038;p=195"},"modified":"2024-03-06T17:32:41","modified_gmt":"2024-03-06T17:32:41","slug":"fedima-f-power-31x10-5-r15","status":"publish","type":"product","link":"http:\/\/www.feiradospneus.pt\/?product=fedima-f-power-31x10-5-r15","title":{"rendered":"PNEU FEDIMA F\/POWER (265\/70R15) 31X10.5R15"},"content":{"rendered":"<ul>\n<li class=\"box\">30% Road \/ 70% Off Road<\/li>\n<li class=\"box\">Incr\u00edvel performance em Estrada e fora de Estrada.<\/li>\n<li class=\"box\">N\u00edvel de ru\u00eddo inferior ao espect\u00e1vel para um pneu fora de estrada.<\/li>\n<li class=\"box\">Resist\u00eancia ao desgaste e ombros com sulcos que protegem o pneu de cortes.<\/li>\n<li class=\"box\">Elevada trac\u00e7\u00e3o em solos de lama.<\/li>\n<\/ul>\n<div class=\"holder\">\n<div class=\"cell-l\"><\/div>\n<\/div>\n","protected":false},"excerpt":{"rendered":"<p>30% Road \/ 70% Off Road Incr\u00edvel performance em Estrada e fora de Estrada. N\u00edvel de ru\u00eddo inferior ao espect\u00e1vel&hellip;<\/p>\n","protected":false},"featured_media":25092,"template":"","meta":{"_links_to":"","_links_to_target":""},"_links":{"self":[{"href":"http:\/\/www.feiradospneus.pt\/index.php?rest_route=\/wp\/v2\/product\/195"}],"collection":[{"href":"http:\/\/www.feiradospneus.pt\/index.php?rest_route=\/wp\/v2\/product"}],"about":[{"href":"http:\/\/www.feiradospneus.pt\/index.php?rest_route=\/wp\/v2\/types\/product"}],"wp:featuredmedia":[{"embeddable":true,"href":"http:\/\/www.feiradospneus.pt\/index.php?rest_route=\/wp\/v2\/media\/25092"}],"wp:attachment":[{"href":"http:\/\/www.feiradospneus.pt\/index.php?rest_route=%2Fwp%2Fv2%2Fmedia&parent=195"}],"curies":[{"name":"wp","href":"https:\/\/api.w.org\/{rel}","templated":true}]}}