{"id":185,"date":"2018-08-01T17:35:50","date_gmt":"2018-08-01T17:35:50","guid":{"rendered":"http:\/\/www.feiradospneus.pt\/?post_type=product&#038;p=185"},"modified":"2024-11-12T13:26:49","modified_gmt":"2024-11-12T13:26:49","slug":"fedima-fj910-33x12-5r15","status":"publish","type":"product","link":"http:\/\/www.feiradospneus.pt\/?product=fedima-fj910-33x12-5r15","title":{"rendered":"PNEU FEDIMA FJ910 33X12.5R15"},"content":{"rendered":"<ul>\n<li>Os sulcos irregulares e transversais no centro permitem a expuls\u00e3o r\u00e1pida de \u00e1gua e lama.<\/li>\n<li>Trac\u00e7\u00e3o e estabilidade garantidas.<\/li>\n<\/ul>\n","protected":false},"excerpt":{"rendered":"<p>Os sulcos irregulares e transversais no centro permitem a expuls\u00e3o r\u00e1pida de \u00e1gua e lama. Trac\u00e7\u00e3o e estabilidade garantidas.<\/p>\n","protected":false},"featured_media":25099,"template":"","meta":{"_links_to":"","_links_to_target":""},"_links":{"self":[{"href":"http:\/\/www.feiradospneus.pt\/index.php?rest_route=\/wp\/v2\/product\/185"}],"collection":[{"href":"http:\/\/www.feiradospneus.pt\/index.php?rest_route=\/wp\/v2\/product"}],"about":[{"href":"http:\/\/www.feiradospneus.pt\/index.php?rest_route=\/wp\/v2\/types\/product"}],"wp:featuredmedia":[{"embeddable":true,"href":"http:\/\/www.feiradospneus.pt\/index.php?rest_route=\/wp\/v2\/media\/25099"}],"wp:attachment":[{"href":"http:\/\/www.feiradospneus.pt\/index.php?rest_route=%2Fwp%2Fv2%2Fmedia&parent=185"}],"curies":[{"name":"wp","href":"https:\/\/api.w.org\/{rel}","templated":true}]}}