{"id":174,"date":"2018-08-01T16:22:27","date_gmt":"2018-08-01T16:22:27","guid":{"rendered":"http:\/\/www.feiradospneus.pt\/?post_type=product&#038;p=174"},"modified":"2024-01-12T15:18:18","modified_gmt":"2024-01-12T15:18:18","slug":"fedima-f-power-265-70-r16","status":"publish","type":"product","link":"http:\/\/www.feiradospneus.pt\/?product=fedima-f-power-265-70-r16","title":{"rendered":"PNEU FEDIMA F\/POWER 265\/70R16"},"content":{"rendered":"<ul>\n<li>30% Road \/ 70% Off Road<\/li>\n<li>Incr\u00edvel performance em Estrada e fora de Estrada.<\/li>\n<li>N\u00edvel de ru\u00eddo inferior ao espect\u00e1vel para um pneu fora de estrada.<\/li>\n<li>Resist\u00eancia ao desgaste e ombros com sulcos que protegem o pneu de cortes.<\/li>\n<li>Elevada trac\u00e7\u00e3o em solos de lama.<\/li>\n<\/ul>\n","protected":false},"excerpt":{"rendered":"<p>30% Road \/ 70% Off Road Incr\u00edvel performance em Estrada e fora de Estrada. N\u00edvel de ru\u00eddo inferior ao espect\u00e1vel&hellip;<\/p>\n","protected":false},"featured_media":25092,"template":"","meta":{"_links_to":"","_links_to_target":""},"_links":{"self":[{"href":"http:\/\/www.feiradospneus.pt\/index.php?rest_route=\/wp\/v2\/product\/174"}],"collection":[{"href":"http:\/\/www.feiradospneus.pt\/index.php?rest_route=\/wp\/v2\/product"}],"about":[{"href":"http:\/\/www.feiradospneus.pt\/index.php?rest_route=\/wp\/v2\/types\/product"}],"wp:featuredmedia":[{"embeddable":true,"href":"http:\/\/www.feiradospneus.pt\/index.php?rest_route=\/wp\/v2\/media\/25092"}],"wp:attachment":[{"href":"http:\/\/www.feiradospneus.pt\/index.php?rest_route=%2Fwp%2Fv2%2Fmedia&parent=174"}],"curies":[{"name":"wp","href":"https:\/\/api.w.org\/{rel}","templated":true}]}}